{"id":2363,"date":"2025-05-10T14:30:53","date_gmt":"2025-05-10T14:30:53","guid":{"rendered":"https:\/\/exobiopure.com\/?page_id=2363"},"modified":"2025-05-10T16:26:32","modified_gmt":"2025-05-10T16:26:32","slug":"test","status":"publish","type":"page","link":"https:\/\/exobiopure.com\/es\/test\/","title":{"rendered":"PYR"},"content":{"rendered":"<div data-elementor-type=\"wp-page\" data-elementor-id=\"2363\" class=\"elementor elementor-2363\" data-elementor-post-type=\"page\">\n\t\t\t\t<div class=\"porto_stretch_css stretch_row_css elementor-element elementor-element-6cf36f1 e-flex e-con-boxed e-con e-parent\" data-id=\"6cf36f1\" data-element_type=\"container\" data-settings=\"{&quot;background_background&quot;:&quot;video&quot;,&quot;background_video_link&quot;:&quot;https:\\\/\\\/exobiopure.com\\\/wp-content\\\/uploads\\\/2020\\\/04\\\/vecteezy_ai-generated-3d-illustration-of-human-blood-cells-in-color_42474251.mp4&quot;}\">\r\n\t\t\t\t\t<div class=\"e-con-inner\">\r\n\t\t<div class=\"elementor-background-video-container elementor-hidden-mobile\" aria-hidden=\"true\">\n\t\t\t\t\t\t\t<video class=\"elementor-background-video-hosted\" autoplay muted playsinline loop><\/video>\n\t\t\t\t\t<\/div>\t\t<div class=\"elementor-element elementor-element-84753f8 uael-heading-align-left elementor-widget elementor-widget-uael-advanced-heading\" data-id=\"84753f8\" data-element_type=\"widget\" data-widget_type=\"uael-advanced-heading.default\">\n\t\t\t\t<div class=\"elementor-widget-container\">\n\t\t\t\t\t\n\t\t<div class=\"uael-module-content uael-heading-wrapper\">\n\t\t\t\t\t\t\n\t\t\t<h2 class=\"uael-heading\">\n\t\t\t\t\t\t\t\t\t\t<span class=\"uael-heading-text elementor-inline-editing uael-size--default\" data-elementor-setting-key=\"heading_title\" data-elementor-inline-editing-toolbar=\"basic\">PYR<\/span>\n\t\t\t\t\t\t\t<\/h2>\n\n\t\t\t\t\t\t\t<div class=\"uael-sub-heading elementor-inline-editing\" data-elementor-setting-key=\"sub_heading\" data-elementor-inline-editing-toolbar=\"advanced\" >Preguntas Frecuentes sobre la Terapia con Exosomas Exobiopure<\/div>\n\t\t\t\n\t\t\t\n\t\t\t\n\t\t\t\t\t\t<\/div>\n\t\t\t\t\t\t<\/div>\n\t\t\t\t<\/div>\n\t\t\t\t\t<\/div>\n\t\t\t\t<\/div>\n\t\t<div class=\"elementor-element elementor-element-d0b80da e-flex e-con-boxed e-con e-parent\" data-id=\"d0b80da\" data-element_type=\"container\">\r\n\t\t\t\t\t<div class=\"e-con-inner\">\r\n\t\t\t\t<div class=\"elementor-element elementor-element-f76410e elementor-widget elementor-widget-uael-advanced-heading\" data-id=\"f76410e\" data-element_type=\"widget\" data-widget_type=\"uael-advanced-heading.default\">\n\t\t\t\t<div class=\"elementor-widget-container\">\n\t\t\t\t\t\n\t\t<div class=\"uael-module-content uael-heading-wrapper\">\n\t\t\t\t\t\t\n\t\t\t<h2 class=\"uael-heading\">\n\t\t\t\t\t\t\t\t\t\t<span class=\"uael-heading-text elementor-inline-editing uael-size--default\" data-elementor-setting-key=\"heading_title\" data-elementor-inline-editing-toolbar=\"basic\">\u00bfQu\u00e9 es la terapia con exosomas y c\u00f3mo funciona?<\/span>\n\t\t\t\t\t\t\t<\/h2>\n\n\t\t\t\n\t\t\t\n\t\t\t\t\t\t\t<div class=\"uael-subheading elementor-inline-editing\" data-elementor-setting-key=\"heading_description\" data-elementor-inline-editing-toolbar=\"advanced\" >\n\t\t\t\t\tLa terapia con exosomas es una forma de medicina regenerativa que utiliza exosomas (peque\u00f1os mensajeros derivados de c\u00e9lulas madre) para promover la sanaci\u00f3n y la comunicaci\u00f3n celular. Exobiopure entrega estos exosomas directamente a las \u00e1reas espec\u00edficas del cuerpo para estimular la reparaci\u00f3n de tejidos, reducir la inflamaci\u00f3n y apoyar una recuperaci\u00f3n m\u00e1s r\u00e1pida.\t\t\t\t<\/div>\n\t\t\t\t\n\t\t\t\t\t\t<\/div>\n\t\t\t\t\t\t<\/div>\n\t\t\t\t<\/div>\n\t\t\t\t\t<\/div>\n\t\t\t\t<\/div>\n\t\t<div class=\"elementor-element elementor-element-c7132b9 e-flex e-con-boxed e-con e-parent\" data-id=\"c7132b9\" data-element_type=\"container\">\r\n\t\t\t\t\t<div class=\"e-con-inner\">\r\n\t\t\t\t<div class=\"elementor-element elementor-element-d285880 elementor-widget elementor-widget-uael-advanced-heading\" data-id=\"d285880\" data-element_type=\"widget\" data-widget_type=\"uael-advanced-heading.default\">\n\t\t\t\t<div class=\"elementor-widget-container\">\n\t\t\t\t\t\n\t\t<div class=\"uael-module-content uael-heading-wrapper\">\n\t\t\t\t\t\t\n\t\t\t<h2 class=\"uael-heading\">\n\t\t\t\t\t\t\t\t\t\t<span class=\"uael-heading-text elementor-inline-editing uael-size--default\" data-elementor-setting-key=\"heading_title\" data-elementor-inline-editing-toolbar=\"basic\">What makes Exobiopure different from other exosome treatments?\n<\/span>\n\t\t\t\t\t\t\t<\/h2>\n\n\t\t\t\n\t\t\t\n\t\t\t\t\t\t\t<div class=\"uael-subheading elementor-inline-editing\" data-elementor-setting-key=\"heading_description\" data-elementor-inline-editing-toolbar=\"advanced\" >\n\t\t\t\t\tExobiopure utiliza exosomas de alta calidad y purificados, derivados de c\u00e9lulas madre cuidadosamente seleccionadas. Es administrado por profesionales capacitados y est\u00e1 dise\u00f1ado para ofrecer resultados consistentes y confiables a pacientes que buscan una soluci\u00f3n de sanaci\u00f3n natural y no quir\u00fargica. Adem\u00e1s, los profesionales de Exobiopure tienen experiencia tanto en medicina tradicional como alternativa, brind\u00e1ndote un enfoque hol\u00edstico para tu recuperaci\u00f3n y bienestar.\t\t\t\t<\/div>\n\t\t\t\t\n\t\t\t\t\t\t<\/div>\n\t\t\t\t\t\t<\/div>\n\t\t\t\t<\/div>\n\t\t\t\t\t<\/div>\n\t\t\t\t<\/div>\n\t\t<div class=\"elementor-element elementor-element-975d8c2 e-flex e-con-boxed e-con e-parent\" data-id=\"975d8c2\" data-element_type=\"container\">\r\n\t\t\t\t\t<div class=\"e-con-inner\">\r\n\t\t\t\t<div class=\"elementor-element elementor-element-9e11bc7 elementor-widget elementor-widget-uael-advanced-heading\" data-id=\"9e11bc7\" data-element_type=\"widget\" data-widget_type=\"uael-advanced-heading.default\">\n\t\t\t\t<div class=\"elementor-widget-container\">\n\t\t\t\t\t\n\t\t<div class=\"uael-module-content uael-heading-wrapper\">\n\t\t\t\t\t\t\n\t\t\t<h2 class=\"uael-heading\">\n\t\t\t\t\t\t\t\t\t\t<span class=\"uael-heading-text elementor-inline-editing uael-size--default\" data-elementor-setting-key=\"heading_title\" data-elementor-inline-editing-toolbar=\"basic\">\u00bfEs la terapia con exosomas lo mismo que la terapia con c\u00e9lulas madre?<\/span>\n\t\t\t\t\t\t\t<\/h2>\n\n\t\t\t\n\t\t\t\n\t\t\t\t\t\t\t<div class=\"uael-subheading elementor-inline-editing\" data-elementor-setting-key=\"heading_description\" data-elementor-inline-editing-toolbar=\"advanced\" >\n\t\t\t\t\tNo. Aunque ambas terapias se usan en medicina regenerativa, la terapia con exosomas no es lo mismo que la terapia con c\u00e9lulas madre. Los exosomas se derivan de c\u00e9lulas madre y act\u00faan como mensajeros, llevando se\u00f1ales curativas a tejidos da\u00f1ados o inflamados. A diferencia de la terapia con c\u00e9lulas madre, el tratamiento con exosomas no contiene c\u00e9lulas, lo que reduce riesgos como el rechazo inmunol\u00f3gico.\t\t\t\t<\/div>\n\t\t\t\t\n\t\t\t\t\t\t<\/div>\n\t\t\t\t\t\t<\/div>\n\t\t\t\t<\/div>\n\t\t\t\t\t<\/div>\n\t\t\t\t<\/div>\n\t\t<div class=\"elementor-element elementor-element-a0d223d e-flex e-con-boxed e-con e-parent\" data-id=\"a0d223d\" data-element_type=\"container\">\r\n\t\t\t\t\t<div class=\"e-con-inner\">\r\n\t\t\t\t<div class=\"elementor-element elementor-element-829c614 elementor-widget elementor-widget-uael-advanced-heading\" data-id=\"829c614\" data-element_type=\"widget\" data-widget_type=\"uael-advanced-heading.default\">\n\t\t\t\t<div class=\"elementor-widget-container\">\n\t\t\t\t\t\n\t\t<div class=\"uael-module-content uael-heading-wrapper\">\n\t\t\t\t\t\t\n\t\t\t<h2 class=\"uael-heading\">\n\t\t\t\t\t\t\t\t\t\t<span class=\"uael-heading-text elementor-inline-editing uael-size--default\" data-elementor-setting-key=\"heading_title\" data-elementor-inline-editing-toolbar=\"basic\">\u00bfQu\u00e9 condiciones puede tratar Exobiopure?<\/span>\n\t\t\t\t\t\t\t<\/h2>\n\n\t\t\t\n\t\t\t\n\t\t\t\t\t\t\t<div class=\"uael-subheading elementor-inline-editing\" data-elementor-setting-key=\"heading_description\" data-elementor-inline-editing-toolbar=\"advanced\" >\n\t\t\t\t\tExobiopure se utiliza para apoyar la recuperaci\u00f3n de dolor articular, lesiones deportivas, trastornos autoinmunes, inflamaci\u00f3n cr\u00f3nica, fatiga y curaci\u00f3n postoperatoria, entre otras condiciones. Tambi\u00e9n se est\u00e1 explorando en tratamientos de bienestar y longevidad debido a sus efectos regenerativos.\t\t\t\t<\/div>\n\t\t\t\t\n\t\t\t\t\t\t<\/div>\n\t\t\t\t\t\t<\/div>\n\t\t\t\t<\/div>\n\t\t\t\t\t<\/div>\n\t\t\t\t<\/div>\n\t\t<div class=\"elementor-element elementor-element-4dceea8 e-flex e-con-boxed e-con e-parent\" data-id=\"4dceea8\" data-element_type=\"container\">\r\n\t\t\t\t\t<div class=\"e-con-inner\">\r\n\t\t\t\t<div class=\"elementor-element elementor-element-22b74f5 elementor-widget elementor-widget-uael-advanced-heading\" data-id=\"22b74f5\" data-element_type=\"widget\" data-widget_type=\"uael-advanced-heading.default\">\n\t\t\t\t<div class=\"elementor-widget-container\">\n\t\t\t\t\t\n\t\t<div class=\"uael-module-content uael-heading-wrapper\">\n\t\t\t\t\t\t\n\t\t\t<h2 class=\"uael-heading\">\n\t\t\t\t\t\t\t\t\t\t<span class=\"uael-heading-text elementor-inline-editing uael-size--default\" data-elementor-setting-key=\"heading_title\" data-elementor-inline-editing-toolbar=\"basic\">\u00bfEs segura la terapia con exosomas?<\/span>\n\t\t\t\t\t\t\t<\/h2>\n\n\t\t\t\n\t\t\t\n\t\t\t\t\t\t\t<div class=\"uael-subheading elementor-inline-editing\" data-elementor-setting-key=\"heading_description\" data-elementor-inline-editing-toolbar=\"advanced\" >\n\t\t\t\t\tS\u00ed. Exobiopure se considera una terapia segura y no invasiva para la mayor\u00eda de los pacientes. Como los exosomas no contienen c\u00e9lulas ni ADN, el riesgo de rechazo inmunol\u00f3gico es m\u00ednimo. Pueden presentarse efectos secundarios leves como hinchaz\u00f3n o fatiga, pero generalmente se resuelven r\u00e1pidamente.\t\t\t\t<\/div>\n\t\t\t\t\n\t\t\t\t\t\t<\/div>\n\t\t\t\t\t\t<\/div>\n\t\t\t\t<\/div>\n\t\t\t\t\t<\/div>\n\t\t\t\t<\/div>\n\t\t<div class=\"elementor-element elementor-element-64f0185 e-flex e-con-boxed e-con e-parent\" data-id=\"64f0185\" data-element_type=\"container\">\r\n\t\t\t\t\t<div class=\"e-con-inner\">\r\n\t\t\t\t<div class=\"elementor-element elementor-element-48dcbca elementor-widget elementor-widget-uael-advanced-heading\" data-id=\"48dcbca\" data-element_type=\"widget\" data-widget_type=\"uael-advanced-heading.default\">\n\t\t\t\t<div class=\"elementor-widget-container\">\n\t\t\t\t\t\n\t\t<div class=\"uael-module-content uael-heading-wrapper\">\n\t\t\t\t\t\t\n\t\t\t<h2 class=\"uael-heading\">\n\t\t\t\t\t\t\t\t\t\t<span class=\"uael-heading-text elementor-inline-editing uael-size--default\" data-elementor-setting-key=\"heading_title\" data-elementor-inline-editing-toolbar=\"basic\">\u00bfCu\u00e1nto tiempo tarda en notarse el efecto de Exobiopure?<\/span>\n\t\t\t\t\t\t\t<\/h2>\n\n\t\t\t\n\t\t\t\n\t\t\t\t\t\t\t<div class=\"uael-subheading elementor-inline-editing\" data-elementor-setting-key=\"heading_description\" data-elementor-inline-editing-toolbar=\"advanced\" >\n\t\t\t\t\tAlgunos pacientes comienzan a notar mejor\u00eda en unos pocos d\u00edas o semanas, especialmente en el alivio del dolor y la reducci\u00f3n de la inflamaci\u00f3n. Los efectos regenerativos a largo plazo pueden continuar durante varios meses a medida que el cuerpo sana y repara los tejidos.\n\t\t\t\t<\/div>\n\t\t\t\t\n\t\t\t\t\t\t<\/div>\n\t\t\t\t\t\t<\/div>\n\t\t\t\t<\/div>\n\t\t\t\t\t<\/div>\n\t\t\t\t<\/div>\n\t\t<div class=\"elementor-element elementor-element-ddd2f19 e-flex e-con-boxed e-con e-parent\" data-id=\"ddd2f19\" data-element_type=\"container\">\r\n\t\t\t\t\t<div class=\"e-con-inner\">\r\n\t\t\t\t<div class=\"elementor-element elementor-element-3151c33 elementor-widget elementor-widget-uael-advanced-heading\" data-id=\"3151c33\" data-element_type=\"widget\" data-widget_type=\"uael-advanced-heading.default\">\n\t\t\t\t<div class=\"elementor-widget-container\">\n\t\t\t\t\t\n\t\t<div class=\"uael-module-content uael-heading-wrapper\">\n\t\t\t\t\t\t\n\t\t\t<h2 class=\"uael-heading\">\n\t\t\t\t\t\t\t\t\t\t<span class=\"uael-heading-text elementor-inline-editing uael-size--default\" data-elementor-setting-key=\"heading_title\" data-elementor-inline-editing-toolbar=\"basic\">\u00bfCu\u00e1ntas sesiones de terapia con exosomas necesitar\u00e9?<\/span>\n\t\t\t\t\t\t\t<\/h2>\n\n\t\t\t\n\t\t\t\n\t\t\t\t\t\t\t<div class=\"uael-subheading elementor-inline-editing\" data-elementor-setting-key=\"heading_description\" data-elementor-inline-editing-toolbar=\"advanced\" >\n\t\t\t\t\tLa cantidad de sesiones depende de tu condici\u00f3n, su gravedad y tus objetivos. Algunos pacientes obtienen resultados significativos despu\u00e9s de una sola sesi\u00f3n, mientras que otros pueden beneficiarse de una serie de tratamientos a lo largo del tiempo. Tu proveedor de atenci\u00f3n m\u00e9dica elaborar\u00e1 un plan personalizado durante tu consulta.\n\n\t\t\t\t<\/div>\n\t\t\t\t\n\t\t\t\t\t\t<\/div>\n\t\t\t\t\t\t<\/div>\n\t\t\t\t<\/div>\n\t\t\t\t\t<\/div>\n\t\t\t\t<\/div>\n\t\t<div class=\"elementor-element elementor-element-98c3b86 e-flex e-con-boxed e-con e-parent\" data-id=\"98c3b86\" data-element_type=\"container\">\r\n\t\t\t\t\t<div class=\"e-con-inner\">\r\n\t\t\t\t<div class=\"elementor-element elementor-element-7f28f4f elementor-widget elementor-widget-uael-advanced-heading\" data-id=\"7f28f4f\" data-element_type=\"widget\" data-widget_type=\"uael-advanced-heading.default\">\n\t\t\t\t<div class=\"elementor-widget-container\">\n\t\t\t\t\t\n\t\t<div class=\"uael-module-content uael-heading-wrapper\">\n\t\t\t\t\t\t\n\t\t\t<h2 class=\"uael-heading\">\n\t\t\t\t\t\t\t\t\t\t<span class=\"uael-heading-text elementor-inline-editing uael-size--default\" data-elementor-setting-key=\"heading_title\" data-elementor-inline-editing-toolbar=\"basic\">\u00bfExobiopure est\u00e1 aprobado por la FDA?<\/span>\n\t\t\t\t\t\t\t<\/h2>\n\n\t\t\t\n\t\t\t\n\t\t\t\t\t\t\t<div class=\"uael-subheading elementor-inline-editing\" data-elementor-setting-key=\"heading_description\" data-elementor-inline-editing-toolbar=\"advanced\" >\n\t\t\t\t\tActualmente, la terapia con exosomas no est\u00e1 aprobada por la FDA como medicamento o producto biol\u00f3gico, pero se ofrece bajo directrices para uso en investigaci\u00f3n cl\u00ednica. Exobiopure se obtiene y procesa conforme a estrictos est\u00e1ndares de calidad y es administrado por profesionales m\u00e9dicos capacitados.\n\t\t\t\t<\/div>\n\t\t\t\t\n\t\t\t\t\t\t<\/div>\n\t\t\t\t\t\t<\/div>\n\t\t\t\t<\/div>\n\t\t\t\t\t<\/div>\n\t\t\t\t<\/div>\n\t\t<div class=\"elementor-element elementor-element-a29b259 e-flex e-con-boxed e-con e-parent\" data-id=\"a29b259\" data-element_type=\"container\">\r\n\t\t\t\t\t<div class=\"e-con-inner\">\r\n\t\t\t\t<div class=\"elementor-element elementor-element-1bed0a8 elementor-widget elementor-widget-uael-advanced-heading\" data-id=\"1bed0a8\" data-element_type=\"widget\" data-widget_type=\"uael-advanced-heading.default\">\n\t\t\t\t<div class=\"elementor-widget-container\">\n\t\t\t\t\t\n\t\t<div class=\"uael-module-content uael-heading-wrapper\">\n\t\t\t\t\t\t\n\t\t\t<h2 class=\"uael-heading\">\n\t\t\t\t\t\t\t\t\t\t<span class=\"uael-heading-text elementor-inline-editing uael-size--default\" data-elementor-setting-key=\"heading_title\" data-elementor-inline-editing-toolbar=\"basic\">\u00bfCu\u00e1nto cuesta la terapia con exosomas?<\/span>\n\t\t\t\t\t\t\t<\/h2>\n\n\t\t\t\n\t\t\t\n\t\t\t\t\t\t\t<div class=\"uael-subheading elementor-inline-editing\" data-elementor-setting-key=\"heading_description\" data-elementor-inline-editing-toolbar=\"advanced\" >\n\t\t\t\t\tEl costo var\u00eda seg\u00fan la cantidad de sesiones y la zona a tratar. Durante tu consulta, te proporcionaremos un desglose claro y te ayudaremos a decidir si Exobiopure es adecuado para tus necesidades y presupuesto.\t\t\t\t<\/div>\n\t\t\t\t\n\t\t\t\t\t\t<\/div>\n\t\t\t\t\t\t<\/div>\n\t\t\t\t<\/div>\n\t\t\t\t\t<\/div>\n\t\t\t\t<\/div>\n\t\t\t\t<\/div>","protected":false},"excerpt":{"rendered":"<p>What is exosome therapy, and how does it work? Exosome therapy is a form of regenerative medicine that uses exosomes (tiny messengers derived from stem cells) to promote healing and cell communication. Exobiopure delivers these exosomes directly to targeted areas of the body to stimulate tissue repair, reduce inflammation, and support faster recovery. What makes [&hellip;]<\/p>","protected":false},"author":1,"featured_media":0,"parent":0,"menu_order":0,"comment_status":"closed","ping_status":"closed","template":"","meta":{"footnotes":""},"class_list":["post-2363","page","type-page","status-publish","hentry"],"yoast_head":"<!-- This site is optimized with the Yoast SEO plugin v26.3 - https:\/\/yoast.com\/wordpress\/plugins\/seo\/ -->\n<title>FAQ - ExoBioPure<\/title>\n<meta name=\"robots\" content=\"index, follow, max-snippet:-1, max-image-preview:large, max-video-preview:-1\" \/>\n<link rel=\"canonical\" href=\"https:\/\/exobiopure.com\/es\/test\/\" \/>\n<meta property=\"og:locale\" content=\"es_MX\" \/>\n<meta property=\"og:type\" content=\"article\" \/>\n<meta property=\"og:title\" content=\"FAQ - ExoBioPure\" \/>\n<meta property=\"og:description\" content=\"What is exosome therapy, and how does it work? Exosome therapy is a form of regenerative medicine that uses exosomes (tiny messengers derived from stem cells) to promote healing and cell communication. Exobiopure delivers these exosomes directly to targeted areas of the body to stimulate tissue repair, reduce inflammation, and support faster recovery. What makes [&hellip;]\" \/>\n<meta property=\"og:url\" content=\"https:\/\/exobiopure.com\/es\/test\/\" \/>\n<meta property=\"og:site_name\" content=\"ExoBioPure\" \/>\n<meta property=\"article:modified_time\" content=\"2025-05-10T16:26:32+00:00\" \/>\n<meta name=\"twitter:card\" content=\"summary_large_image\" \/>\n<meta name=\"twitter:label1\" content=\"Tiempo de lectura\" \/>\n\t<meta name=\"twitter:data1\" content=\"2 minutos\" \/>\n<script type=\"application\/ld+json\" class=\"yoast-schema-graph\">{\"@context\":\"https:\/\/schema.org\",\"@graph\":[{\"@type\":\"WebPage\",\"@id\":\"https:\/\/exobiopure.com\/test\/\",\"url\":\"https:\/\/exobiopure.com\/test\/\",\"name\":\"FAQ - ExoBioPure\",\"isPartOf\":{\"@id\":\"https:\/\/exobiopure.com\/#website\"},\"datePublished\":\"2025-05-10T14:30:53+00:00\",\"dateModified\":\"2025-05-10T16:26:32+00:00\",\"breadcrumb\":{\"@id\":\"https:\/\/exobiopure.com\/test\/#breadcrumb\"},\"inLanguage\":\"es\",\"potentialAction\":[{\"@type\":\"ReadAction\",\"target\":[\"https:\/\/exobiopure.com\/test\/\"]}]},{\"@type\":\"BreadcrumbList\",\"@id\":\"https:\/\/exobiopure.com\/test\/#breadcrumb\",\"itemListElement\":[{\"@type\":\"ListItem\",\"position\":1,\"name\":\"Home\",\"item\":\"https:\/\/exobiopure.com\/\"},{\"@type\":\"ListItem\",\"position\":2,\"name\":\"FAQ\"}]},{\"@type\":\"WebSite\",\"@id\":\"https:\/\/exobiopure.com\/#website\",\"url\":\"https:\/\/exobiopure.com\/\",\"name\":\"ExoBioPure\",\"description\":\"Unlock Your Body\u2019s Natural Healing Power with Exosome Therapy, Experience faster recovery, reduced inflammation, and renewed vitality \u2014 naturally.\",\"publisher\":{\"@id\":\"https:\/\/exobiopure.com\/#organization\"},\"potentialAction\":[{\"@type\":\"SearchAction\",\"target\":{\"@type\":\"EntryPoint\",\"urlTemplate\":\"https:\/\/exobiopure.com\/?s={search_term_string}\"},\"query-input\":{\"@type\":\"PropertyValueSpecification\",\"valueRequired\":true,\"valueName\":\"search_term_string\"}}],\"inLanguage\":\"es\"},{\"@type\":\"Organization\",\"@id\":\"https:\/\/exobiopure.com\/#organization\",\"name\":\"ExoBioPure\",\"url\":\"https:\/\/exobiopure.com\/\",\"logo\":{\"@type\":\"ImageObject\",\"inLanguage\":\"es\",\"@id\":\"https:\/\/exobiopure.com\/#\/schema\/logo\/image\/\",\"url\":\"https:\/\/exobiopure.com\/wp-content\/uploads\/2025\/05\/exosomas-logo_english.png\",\"contentUrl\":\"https:\/\/exobiopure.com\/wp-content\/uploads\/2025\/05\/exosomas-logo_english.png\",\"width\":180,\"height\":62,\"caption\":\"ExoBioPure\"},\"image\":{\"@id\":\"https:\/\/exobiopure.com\/#\/schema\/logo\/image\/\"}}]}<\/script>\n<!-- \/ Yoast SEO plugin. -->","yoast_head_json":{"title":"FAQ - ExoBioPure","robots":{"index":"index","follow":"follow","max-snippet":"max-snippet:-1","max-image-preview":"max-image-preview:large","max-video-preview":"max-video-preview:-1"},"canonical":"https:\/\/exobiopure.com\/es\/test\/","og_locale":"es_MX","og_type":"article","og_title":"FAQ - ExoBioPure","og_description":"What is exosome therapy, and how does it work? Exosome therapy is a form of regenerative medicine that uses exosomes (tiny messengers derived from stem cells) to promote healing and cell communication. Exobiopure delivers these exosomes directly to targeted areas of the body to stimulate tissue repair, reduce inflammation, and support faster recovery. What makes [&hellip;]","og_url":"https:\/\/exobiopure.com\/es\/test\/","og_site_name":"ExoBioPure","article_modified_time":"2025-05-10T16:26:32+00:00","twitter_card":"summary_large_image","twitter_misc":{"Tiempo de lectura":"2 minutos"},"schema":{"@context":"https:\/\/schema.org","@graph":[{"@type":"WebPage","@id":"https:\/\/exobiopure.com\/test\/","url":"https:\/\/exobiopure.com\/test\/","name":"FAQ - ExoBioPure","isPartOf":{"@id":"https:\/\/exobiopure.com\/#website"},"datePublished":"2025-05-10T14:30:53+00:00","dateModified":"2025-05-10T16:26:32+00:00","breadcrumb":{"@id":"https:\/\/exobiopure.com\/test\/#breadcrumb"},"inLanguage":"es","potentialAction":[{"@type":"ReadAction","target":["https:\/\/exobiopure.com\/test\/"]}]},{"@type":"BreadcrumbList","@id":"https:\/\/exobiopure.com\/test\/#breadcrumb","itemListElement":[{"@type":"ListItem","position":1,"name":"Home","item":"https:\/\/exobiopure.com\/"},{"@type":"ListItem","position":2,"name":"FAQ"}]},{"@type":"WebSite","@id":"https:\/\/exobiopure.com\/#website","url":"https:\/\/exobiopure.com\/","name":"ExoBioPure","description":"Unlock Your Body\u2019s Natural Healing Power with Exosome Therapy, Experience faster recovery, reduced inflammation, and renewed vitality \u2014 naturally.","publisher":{"@id":"https:\/\/exobiopure.com\/#organization"},"potentialAction":[{"@type":"SearchAction","target":{"@type":"EntryPoint","urlTemplate":"https:\/\/exobiopure.com\/?s={search_term_string}"},"query-input":{"@type":"PropertyValueSpecification","valueRequired":true,"valueName":"search_term_string"}}],"inLanguage":"es"},{"@type":"Organization","@id":"https:\/\/exobiopure.com\/#organization","name":"ExoBioPure","url":"https:\/\/exobiopure.com\/","logo":{"@type":"ImageObject","inLanguage":"es","@id":"https:\/\/exobiopure.com\/#\/schema\/logo\/image\/","url":"https:\/\/exobiopure.com\/wp-content\/uploads\/2025\/05\/exosomas-logo_english.png","contentUrl":"https:\/\/exobiopure.com\/wp-content\/uploads\/2025\/05\/exosomas-logo_english.png","width":180,"height":62,"caption":"ExoBioPure"},"image":{"@id":"https:\/\/exobiopure.com\/#\/schema\/logo\/image\/"}}]}},"_links":{"self":[{"href":"https:\/\/exobiopure.com\/es\/wp-json\/wp\/v2\/pages\/2363","targetHints":{"allow":["GET"]}}],"collection":[{"href":"https:\/\/exobiopure.com\/es\/wp-json\/wp\/v2\/pages"}],"about":[{"href":"https:\/\/exobiopure.com\/es\/wp-json\/wp\/v2\/types\/page"}],"author":[{"embeddable":true,"href":"https:\/\/exobiopure.com\/es\/wp-json\/wp\/v2\/users\/1"}],"replies":[{"embeddable":true,"href":"https:\/\/exobiopure.com\/es\/wp-json\/wp\/v2\/comments?post=2363"}],"version-history":[{"count":14,"href":"https:\/\/exobiopure.com\/es\/wp-json\/wp\/v2\/pages\/2363\/revisions"}],"predecessor-version":[{"id":2383,"href":"https:\/\/exobiopure.com\/es\/wp-json\/wp\/v2\/pages\/2363\/revisions\/2383"}],"wp:attachment":[{"href":"https:\/\/exobiopure.com\/es\/wp-json\/wp\/v2\/media?parent=2363"}],"curies":[{"name":"wp","href":"https:\/\/api.w.org\/{rel}","templated":true}]}}